{"id":2653,"date":"2022-10-08T21:34:34","date_gmt":"2022-10-08T21:34:34","guid":{"rendered":"https:\/\/motelcoconut.gmtpdigital.ca\/?page_id=2653"},"modified":"2025-01-23T14:40:58","modified_gmt":"2025-01-23T14:40:58","slug":"sortir-et-decouvrir","status":"publish","type":"page","link":"https:\/\/motelcoconut.gmtpdigital.ca\/fr\/autour-de-la-ville\/sortir-et-decouvrir\/","title":{"rendered":"Sortir et d\u00e9couvrir"},"content":{"rendered":"\t\t<div data-elementor-type=\"wp-page\" data-elementor-id=\"2653\" class=\"elementor elementor-2653 elementor-1443\">\n\t\t\t\t\t\t<section class=\"elementor-section elementor-top-section elementor-element elementor-element-b3b670b elementor-section-full_width elementor-section-height-default elementor-section-height-default\" data-id=\"b3b670b\" data-element_type=\"section\" data-e-type=\"section\">\n\t\t\t\t\t\t<div class=\"elementor-container elementor-column-gap-default\">\n\t\t\t\t\t<div class=\"elementor-column elementor-col-100 elementor-top-column elementor-element elementor-element-4947d2c\" data-id=\"4947d2c\" data-element_type=\"column\" data-e-type=\"column\">\n\t\t\t<div class=\"elementor-widget-wrap elementor-element-populated\">\n\t\t\t\t\t\t<div class=\"elementor-element elementor-element-9331b94 elementor-widget elementor-widget-image\" data-id=\"9331b94\" data-element_type=\"widget\" data-e-type=\"widget\" data-widget_type=\"image.default\">\n\t\t\t\t<div class=\"elementor-widget-container\">\n\t\t\t\t\t\t\t\t\t\t\t\t\t\t\t<img fetchpriority=\"high\" decoding=\"async\" width=\"1024\" height=\"513\" src=\"https:\/\/motelcoconut.gmtpdigital.ca\/wp-content\/uploads\/sites\/389\/2022\/10\/out-about-1024x513-1.jpeg\" class=\"attachment-large size-large wp-image-2649\" alt=\"\" srcset=\"https:\/\/motelcoconut.gmtpdigital.ca\/wp-content\/uploads\/sites\/389\/2022\/10\/out-about-1024x513-1.jpeg 1024w, https:\/\/motelcoconut.gmtpdigital.ca\/wp-content\/uploads\/sites\/389\/2022\/10\/out-about-1024x513-1-300x150.jpeg 300w, https:\/\/motelcoconut.gmtpdigital.ca\/wp-content\/uploads\/sites\/389\/2022\/10\/out-about-1024x513-1-768x385.jpeg 768w\" sizes=\"(max-width: 1024px) 100vw, 1024px\" \/>\t\t\t\t\t\t\t\t\t\t\t\t\t\t\t<\/div>\n\t\t\t\t<\/div>\n\t\t\t\t\t<\/div>\n\t\t<\/div>\n\t\t\t\t\t<\/div>\n\t\t<\/section>\n\t\t\t\t<section class=\"elementor-section elementor-top-section elementor-element elementor-element-d277890 elementor-section-boxed elementor-section-height-default elementor-section-height-default\" data-id=\"d277890\" data-element_type=\"section\" data-e-type=\"section\">\n\t\t\t\t\t\t<div class=\"elementor-container elementor-column-gap-default\">\n\t\t\t\t\t<div class=\"elementor-column elementor-col-100 elementor-top-column elementor-element elementor-element-e5ff877\" data-id=\"e5ff877\" data-element_type=\"column\" data-e-type=\"column\">\n\t\t\t<div class=\"elementor-widget-wrap elementor-element-populated\">\n\t\t\t\t\t\t<div class=\"elementor-element elementor-element-9a4122b elementor-widget elementor-widget-text-editor\" data-id=\"9a4122b\" data-element_type=\"widget\" data-e-type=\"widget\" data-widget_type=\"text-editor.default\">\n\t\t\t\t<div class=\"elementor-widget-container\">\n\t\t\t\t\t\t\t\t\t<p><strong>Coconut Bar<\/strong> <br \/>&#8211; Un bar l\u00e9gendaire et exotique de Trois-Rivi\u00e8res, connu pour son am biance tropicale, ses cocktails uniques, depuis les ann\u00e9es 1960.<\/p><p><strong>Vieille Prison de Trois-Rivi\u00e8res<\/strong> <br \/>\u2013 Une ancienne prison historique offrant des visites guid\u00e9es sur son pass\u00e9 et ses anciens d\u00e9tenus.<\/p><p><strong>Bor\u00e9alis<\/strong> <br \/>\u2013 Un mus\u00e9e consacr\u00e9 \u00e0 l\u2019histoire de l\u2019industrie papeti\u00e8re au Canada.<\/p><p><strong>Mus\u00e9e Qu\u00e9b\u00e9cois de Culture Populaire<\/strong> <br \/>\u2013 Un mus\u00e9e mettant en valeur la culture unique du Qu\u00e9bec.<\/p><p><strong>Parc de l&rsquo;\u00cele Saint-Quentin<\/strong> <br \/>\u2013 Une belle \u00eele-parc id\u00e9ale pour les activit\u00e9s de plein air et la d\u00e9tente.<\/p><p><strong>Galerie d&rsquo;art du Parc<\/strong> <br \/>\u2013 Une galerie d\u2019art situ\u00e9e dans le Manoir de Tonnancour, pr\u00e9sentant des expositions d\u2019art contemporain.<\/p><p><strong>Sanctuaire Notre-Dame-du-Cap<\/strong> <br \/>\u2013 Un c\u00e9l\u00e8bre lieu de p\u00e8lerinage catholique avec de magnifiques jardins et une architecture impressionnante.<\/p><p><strong>Parc Laviolette<\/strong> <br \/>\u2013 Un parc pittoresque en bordure du fleuve Saint-Laurent, parfait pour les pique-niques et les promenades.<\/p><p><strong>Manoir Boucher de Niverville<\/strong> <br \/>\u2013 Une maison historique transform\u00e9e en mus\u00e9e illustrant la vie de Trois-Rivi\u00e8res au XVIIIe si\u00e8cle.<\/p><p><strong>Forges du Saint-Maurice<\/strong> <br \/>\u2013 Un lieu historique national avec des vestiges de la premi\u00e8re forge du Canada.<\/p><p><strong>Hippodrome 3R<\/strong> <br \/>\u2013 Un hippodrome proposant des courses de chevaux attel\u00e9s en direct.<\/p><p><strong>Rue des Forges<\/strong> <br \/>\u2013 Une rue anim\u00e9e du centre-ville, remplie de restaurants, bars et lieux de vie nocturne.<\/p><p><strong>Parc Portuaire<\/strong> <br \/>\u2013 Un parc riverain avec de belles vues, des sentiers de promenade et des \u00e9v\u00e9nements saisonniers.<\/p><p><strong>Circuit Trois-Rivi\u00e8res<\/strong> <br \/>\u2013 Un circuit automobile accueillant de grandes comp\u00e9titions comme le Grand Prix de Trois-Rivi\u00e8res.<\/p><p><strong>Vieux Trois-Rivi\u00e8res<\/strong> <br \/>\u2013 Un quartier historique charmant avec des rues pav\u00e9es et des b\u00e2timents patrimoniaux.<\/p><p><strong>Domaine &amp; Vins G\u00e9linas<\/strong> <br \/>\u2013 Un vignoble proposant des d\u00e9gustations et des visites \u00e0 proximit\u00e9 de la ville.<\/p>\t\t\t\t\t\t\t\t<\/div>\n\t\t\t\t<\/div>\n\t\t\t\t\t<\/div>\n\t\t<\/div>\n\t\t\t\t\t<\/div>\n\t\t<\/section>\n\t\t\t\t<\/div>\n\t\t","protected":false},"excerpt":{"rendered":"<p>\/*! elementor &#8211; v3.21.0 &#8211; 18-04-2024 *\/ .elementor-widget-image{text-align:center}.elementor-widget-image a{display:inline-block}.elementor-widget-image a img[src$=\u00a0\u00bb.svg\u00a0\u00bb]{width:48px}.elementor-widget-image img{vertical-align:middle;display:inline-block} Coconut Bar &#8211; Un bar l\u00e9gendaire et exotique de Trois-Rivi\u00e8res, connu pour son am biance tropicale, ses cocktails uniques, depuis les ann\u00e9es 1960. Vieille Prison de Trois-Rivi\u00e8res \u2013 Une ancienne prison historique offrant des visites guid\u00e9es sur son pass\u00e9 et ses anciens d\u00e9tenus. [&hellip;]<\/p>\n","protected":false},"author":22,"featured_media":0,"parent":2658,"menu_order":0,"comment_status":"closed","ping_status":"closed","template":"","meta":{"_mi_skip_tracking":false,"site-sidebar-layout":"no-sidebar","site-content-layout":"page-builder","ast-site-content-layout":"default","site-content-style":"default","site-sidebar-style":"default","ast-global-header-display":"","ast-banner-title-visibility":"","ast-main-header-display":"","ast-hfb-above-header-display":"","ast-hfb-below-header-display":"","ast-hfb-mobile-header-display":"","site-post-title":"disabled","ast-breadcrumbs-content":"","ast-featured-img":"disabled","footer-sml-layout":"","ast-disable-related-posts":"","theme-transparent-header-meta":"default","adv-header-id-meta":"","stick-header-meta":"","header-above-stick-meta":"","header-main-stick-meta":"","header-below-stick-meta":"","astra-migrate-meta-layouts":"default","ast-page-background-enabled":"default","ast-page-background-meta":{"desktop":{"background-color":"var(--ast-global-color-4)","background-image":"","background-repeat":"repeat","background-position":"center center","background-size":"auto","background-attachment":"scroll","background-type":"","background-media":"","overlay-type":"","overlay-color":"","overlay-opacity":"","overlay-gradient":""},"tablet":{"background-color":"","background-image":"","background-repeat":"repeat","background-position":"center center","background-size":"auto","background-attachment":"scroll","background-type":"","background-media":"","overlay-type":"","overlay-color":"","overlay-opacity":"","overlay-gradient":""},"mobile":{"background-color":"","background-image":"","background-repeat":"repeat","background-position":"center center","background-size":"auto","background-attachment":"scroll","background-type":"","background-media":"","overlay-type":"","overlay-color":"","overlay-opacity":"","overlay-gradient":""}},"ast-content-background-meta":{"desktop":{"background-color":"var(--ast-global-color-5)","background-image":"","background-repeat":"repeat","background-position":"center center","background-size":"auto","background-attachment":"scroll","background-type":"","background-media":"","overlay-type":"","overlay-color":"","overlay-opacity":"","overlay-gradient":""},"tablet":{"background-color":"var(--ast-global-color-5)","background-image":"","background-repeat":"repeat","background-position":"center center","background-size":"auto","background-attachment":"scroll","background-type":"","background-media":"","overlay-type":"","overlay-color":"","overlay-opacity":"","overlay-gradient":""},"mobile":{"background-color":"var(--ast-global-color-5)","background-image":"","background-repeat":"repeat","background-position":"center center","background-size":"auto","background-attachment":"scroll","background-type":"","background-media":"","overlay-type":"","overlay-color":"","overlay-opacity":"","overlay-gradient":""}},"footnotes":""},"class_list":["post-2653","page","type-page","status-publish","hentry"],"_links":{"self":[{"href":"https:\/\/motelcoconut.gmtpdigital.ca\/fr\/wp-json\/wp\/v2\/pages\/2653","targetHints":{"allow":["GET"]}}],"collection":[{"href":"https:\/\/motelcoconut.gmtpdigital.ca\/fr\/wp-json\/wp\/v2\/pages"}],"about":[{"href":"https:\/\/motelcoconut.gmtpdigital.ca\/fr\/wp-json\/wp\/v2\/types\/page"}],"author":[{"embeddable":true,"href":"https:\/\/motelcoconut.gmtpdigital.ca\/fr\/wp-json\/wp\/v2\/users\/22"}],"replies":[{"embeddable":true,"href":"https:\/\/motelcoconut.gmtpdigital.ca\/fr\/wp-json\/wp\/v2\/comments?post=2653"}],"version-history":[{"count":8,"href":"https:\/\/motelcoconut.gmtpdigital.ca\/fr\/wp-json\/wp\/v2\/pages\/2653\/revisions"}],"predecessor-version":[{"id":4218,"href":"https:\/\/motelcoconut.gmtpdigital.ca\/fr\/wp-json\/wp\/v2\/pages\/2653\/revisions\/4218"}],"up":[{"embeddable":true,"href":"https:\/\/motelcoconut.gmtpdigital.ca\/fr\/wp-json\/wp\/v2\/pages\/2658"}],"wp:attachment":[{"href":"https:\/\/motelcoconut.gmtpdigital.ca\/fr\/wp-json\/wp\/v2\/media?parent=2653"}],"curies":[{"name":"wp","href":"https:\/\/api.w.org\/{rel}","templated":true}]}}