{"id":2636,"date":"2022-10-08T20:50:45","date_gmt":"2022-10-08T20:50:45","guid":{"rendered":"https:\/\/motelcoconut.gmtpdigital.ca\/?page_id=2636"},"modified":"2025-04-28T13:07:34","modified_gmt":"2025-04-28T13:07:34","slug":"procedures-durgence","status":"publish","type":"page","link":"https:\/\/motelcoconut.gmtpdigital.ca\/fr\/procedures-durgence\/","title":{"rendered":"Proc\u00e9dures d\u2019urgence"},"content":{"rendered":"\t\t<div data-elementor-type=\"wp-page\" data-elementor-id=\"2636\" class=\"elementor elementor-2636 elementor-1001\">\n\t\t\t\t\t\t<section class=\"elementor-section elementor-top-section elementor-element elementor-element-6bb9fa9 elementor-section-full_width elementor-section-height-default elementor-section-height-default\" data-id=\"6bb9fa9\" data-element_type=\"section\" data-e-type=\"section\">\n\t\t\t\t\t\t<div class=\"elementor-container elementor-column-gap-default\">\n\t\t\t\t\t<div class=\"elementor-column elementor-col-100 elementor-top-column elementor-element elementor-element-50e232c\" data-id=\"50e232c\" data-element_type=\"column\" data-e-type=\"column\">\n\t\t\t<div class=\"elementor-widget-wrap elementor-element-populated\">\n\t\t\t\t\t\t<div class=\"elementor-element elementor-element-4340f46 elementor-widget elementor-widget-image\" data-id=\"4340f46\" data-element_type=\"widget\" data-e-type=\"widget\" data-widget_type=\"image.default\">\n\t\t\t\t<div class=\"elementor-widget-container\">\n\t\t\t\t\t\t\t\t\t\t\t\t\t\t\t<img fetchpriority=\"high\" decoding=\"async\" width=\"1024\" height=\"538\" src=\"https:\/\/motelcoconut.gmtpdigital.ca\/wp-content\/uploads\/sites\/389\/2022\/10\/emergency-exit-1321134_1280-1024x538-1.jpeg\" class=\"attachment-large size-large wp-image-2609\" alt=\"\" srcset=\"https:\/\/motelcoconut.gmtpdigital.ca\/wp-content\/uploads\/sites\/389\/2022\/10\/emergency-exit-1321134_1280-1024x538-1.jpeg 1024w, https:\/\/motelcoconut.gmtpdigital.ca\/wp-content\/uploads\/sites\/389\/2022\/10\/emergency-exit-1321134_1280-1024x538-1-300x158.jpeg 300w, https:\/\/motelcoconut.gmtpdigital.ca\/wp-content\/uploads\/sites\/389\/2022\/10\/emergency-exit-1321134_1280-1024x538-1-768x404.jpeg 768w\" sizes=\"(max-width: 1024px) 100vw, 1024px\" \/>\t\t\t\t\t\t\t\t\t\t\t\t\t\t\t<\/div>\n\t\t\t\t<\/div>\n\t\t\t\t\t<\/div>\n\t\t<\/div>\n\t\t\t\t\t<\/div>\n\t\t<\/section>\n\t\t\t\t<section class=\"elementor-section elementor-top-section elementor-element elementor-element-d277890 elementor-section-boxed elementor-section-height-default elementor-section-height-default\" data-id=\"d277890\" data-element_type=\"section\" data-e-type=\"section\">\n\t\t\t\t\t\t<div class=\"elementor-container elementor-column-gap-default\">\n\t\t\t\t\t<div class=\"elementor-column elementor-col-100 elementor-top-column elementor-element elementor-element-e5ff877\" data-id=\"e5ff877\" data-element_type=\"column\" data-e-type=\"column\">\n\t\t\t<div class=\"elementor-widget-wrap elementor-element-populated\">\n\t\t\t\t\t\t<div class=\"elementor-element elementor-element-9a4122b elementor-widget elementor-widget-text-editor\" data-id=\"9a4122b\" data-element_type=\"widget\" data-e-type=\"widget\" data-widget_type=\"text-editor.default\">\n\t\t\t\t<div class=\"elementor-widget-container\">\n\t\t\t\t\t\t\t\t\t<p><strong>En cas d\u2019urgence Composer le 911<\/strong><br \/>En cas d\u2019urgence, appeler la r\u00e9ception Composer le 0<\/p><p>L&rsquo;Hotel-Motel Coconut est enti\u00e8rement muni de d\u00e9tecteurs et d\u2019alertes de fum\u00e9e et de chaleur. La conception de l\u2019h\u00f4tel, les sorties et les portes de secours rencontrent les plus strictes normes et exigences du service des incendies de la Ville de Trois-Rivi\u00e8res. Notre personnel a \u00e9t\u00e9 form\u00e9 pour r\u00e9pondre aux situations d\u2019urgence. Bien qu\u2019il soit tr\u00e8s peu probable qu\u2019un incendie \u00e9clate, veuillez prendre quelques minutes pour lire les points suivants:<\/p><p><strong>Soyez pr\u00eat:<\/strong><br \/>Lisez les instructions d\u00e9taill\u00e9es du service des incendies au dos de la porte de votre chambre. Localisez la sortie de secours la plus pr\u00e8s de votre chambre. Localisez les extincteurs et les<br \/>alertes d\u2019incendie les plus pr\u00e8s. Ayez toujours avec vous votre cl\u00e9\/ carte d\u2019acc\u00e8s.<\/p><p><strong>Si une alerte d\u2019incendie se d\u00e9clenche ou si vous sentez de la fum\u00e9e:<\/strong><br \/>Restez calme. Ne paniquez pas. Touchez la porte de votre chambre. Vous pouvez sortir de votre chambre par la porte ext\u00e9rieur ou int\u00e9rieur. Si elle est chaude, ne l\u2019ouvrez pas. Si la temp\u00e9rature de la porte est normale, vous pouvez l\u2019ouvrir et v\u00e9rifier le corridor. Si l\u2019alerte n\u2019a pas encore sonn\u00e9 mais que vous sentez de la fum\u00e9e, d\u00e9clenchez l\u2019alerte. S\u2019il n\u2019y a pas de fum\u00e9e dans le corridor, quittez votre chambre. Apportez votre cl\u00e9 \/ carte d\u2019acc\u00e8s. Fermez la porte derri\u00e8re vous et avancez vers la sortie de secours la plus pr\u00e8s.<\/p><p><strong>Si vous devez rester dans votre chambre:<\/strong><br \/>Remplir la baignoire d\u2019eau froide. Y tremper des draps et des serviettes et les poser \u00e0 la base de porte. Appeler la r\u00e9ception, leur donner votre num\u00e9ro de chambre et les pr\u00e9venir que vous rester dans votre chambre en raison de la fum\u00e9e dans le corridor ou la cage d\u2019escalier. Si la fum\u00e9e commence \u00e0 p\u00e9n\u00e9trer dans votre chambre, accroupissez-vous sous le niveau de la fum\u00e9e et couvrez votre nez et votre bouche d\u2019un linge humide.<\/p><p><strong>Pour pr\u00e9venir les incendies:<\/strong><br \/>Ne pas utiliser d\u2019appareils de cuisson ou de chauffage autres que ceux fournis par l\u2019h\u00f4tel.<br \/>Conserver les allumettes hors de la port\u00e9e des enfants.<\/p>\t\t\t\t\t\t\t\t<\/div>\n\t\t\t\t<\/div>\n\t\t\t\t\t<\/div>\n\t\t<\/div>\n\t\t\t\t\t<\/div>\n\t\t<\/section>\n\t\t\t\t<\/div>\n\t\t","protected":false},"excerpt":{"rendered":"<p>En cas d\u2019urgence Composer le 911En cas d\u2019urgence, appeler la r\u00e9ception Composer le 0 L&rsquo;Hotel-Motel Coconut est enti\u00e8rement muni de d\u00e9tecteurs et d\u2019alertes de fum\u00e9e et de chaleur. La conception de l\u2019h\u00f4tel, les sorties et les portes de secours rencontrent les plus strictes normes et exigences du service des incendies de la Ville de Trois-Rivi\u00e8res. [&hellip;]<\/p>\n","protected":false},"author":22,"featured_media":0,"parent":0,"menu_order":0,"comment_status":"closed","ping_status":"closed","template":"","meta":{"_mi_skip_tracking":false,"site-sidebar-layout":"no-sidebar","site-content-layout":"page-builder","ast-site-content-layout":"default","site-content-style":"default","site-sidebar-style":"default","ast-global-header-display":"","ast-banner-title-visibility":"","ast-main-header-display":"","ast-hfb-above-header-display":"","ast-hfb-below-header-display":"","ast-hfb-mobile-header-display":"","site-post-title":"disabled","ast-breadcrumbs-content":"","ast-featured-img":"disabled","footer-sml-layout":"","ast-disable-related-posts":"","theme-transparent-header-meta":"default","adv-header-id-meta":"","stick-header-meta":"","header-above-stick-meta":"","header-main-stick-meta":"","header-below-stick-meta":"","astra-migrate-meta-layouts":"default","ast-page-background-enabled":"default","ast-page-background-meta":{"desktop":{"background-color":"var(--ast-global-color-4)","background-image":"","background-repeat":"repeat","background-position":"center center","background-size":"auto","background-attachment":"scroll","background-type":"","background-media":"","overlay-type":"","overlay-color":"","overlay-opacity":"","overlay-gradient":""},"tablet":{"background-color":"","background-image":"","background-repeat":"repeat","background-position":"center center","background-size":"auto","background-attachment":"scroll","background-type":"","background-media":"","overlay-type":"","overlay-color":"","overlay-opacity":"","overlay-gradient":""},"mobile":{"background-color":"","background-image":"","background-repeat":"repeat","background-position":"center center","background-size":"auto","background-attachment":"scroll","background-type":"","background-media":"","overlay-type":"","overlay-color":"","overlay-opacity":"","overlay-gradient":""}},"ast-content-background-meta":{"desktop":{"background-color":"var(--ast-global-color-5)","background-image":"","background-repeat":"repeat","background-position":"center center","background-size":"auto","background-attachment":"scroll","background-type":"","background-media":"","overlay-type":"","overlay-color":"","overlay-opacity":"","overlay-gradient":""},"tablet":{"background-color":"var(--ast-global-color-5)","background-image":"","background-repeat":"repeat","background-position":"center center","background-size":"auto","background-attachment":"scroll","background-type":"","background-media":"","overlay-type":"","overlay-color":"","overlay-opacity":"","overlay-gradient":""},"mobile":{"background-color":"var(--ast-global-color-5)","background-image":"","background-repeat":"repeat","background-position":"center center","background-size":"auto","background-attachment":"scroll","background-type":"","background-media":"","overlay-type":"","overlay-color":"","overlay-opacity":"","overlay-gradient":""}},"footnotes":""},"class_list":["post-2636","page","type-page","status-publish","hentry"],"_links":{"self":[{"href":"https:\/\/motelcoconut.gmtpdigital.ca\/fr\/wp-json\/wp\/v2\/pages\/2636","targetHints":{"allow":["GET"]}}],"collection":[{"href":"https:\/\/motelcoconut.gmtpdigital.ca\/fr\/wp-json\/wp\/v2\/pages"}],"about":[{"href":"https:\/\/motelcoconut.gmtpdigital.ca\/fr\/wp-json\/wp\/v2\/types\/page"}],"author":[{"embeddable":true,"href":"https:\/\/motelcoconut.gmtpdigital.ca\/fr\/wp-json\/wp\/v2\/users\/22"}],"replies":[{"embeddable":true,"href":"https:\/\/motelcoconut.gmtpdigital.ca\/fr\/wp-json\/wp\/v2\/comments?post=2636"}],"version-history":[{"count":14,"href":"https:\/\/motelcoconut.gmtpdigital.ca\/fr\/wp-json\/wp\/v2\/pages\/2636\/revisions"}],"predecessor-version":[{"id":4318,"href":"https:\/\/motelcoconut.gmtpdigital.ca\/fr\/wp-json\/wp\/v2\/pages\/2636\/revisions\/4318"}],"wp:attachment":[{"href":"https:\/\/motelcoconut.gmtpdigital.ca\/fr\/wp-json\/wp\/v2\/media?parent=2636"}],"curies":[{"name":"wp","href":"https:\/\/api.w.org\/{rel}","templated":true}]}}