{"id":2619,"date":"2022-10-08T20:28:39","date_gmt":"2022-10-08T20:28:39","guid":{"rendered":"https:\/\/motelcoconut.gmtpdigital.ca\/?page_id=2619"},"modified":"2025-01-23T14:22:40","modified_gmt":"2025-01-23T14:22:40","slug":"liste-des-chaines-de-television","status":"publish","type":"page","link":"https:\/\/motelcoconut.gmtpdigital.ca\/fr\/liste-des-chaines-de-television\/","title":{"rendered":"Liste des cha\u00eenes de t\u00e9l\u00e9vision"},"content":{"rendered":"\t\t<div data-elementor-type=\"wp-page\" data-elementor-id=\"2619\" class=\"elementor elementor-2619 elementor-1021\">\n\t\t\t\t\t\t<section class=\"elementor-section elementor-top-section elementor-element elementor-element-e3280ce elementor-section-full_width elementor-section-height-default elementor-section-height-default\" data-id=\"e3280ce\" data-element_type=\"section\" data-e-type=\"section\">\n\t\t\t\t\t\t<div class=\"elementor-container elementor-column-gap-default\">\n\t\t\t\t\t<div class=\"elementor-column elementor-col-100 elementor-top-column elementor-element elementor-element-7ee450b\" data-id=\"7ee450b\" data-element_type=\"column\" data-e-type=\"column\">\n\t\t\t<div class=\"elementor-widget-wrap elementor-element-populated\">\n\t\t\t\t\t\t<div class=\"elementor-element elementor-element-ede4e95 elementor-widget elementor-widget-image\" data-id=\"ede4e95\" data-element_type=\"widget\" data-e-type=\"widget\" data-widget_type=\"image.default\">\n\t\t\t\t<div class=\"elementor-widget-container\">\n\t\t\t\t\t\t\t\t\t\t\t\t\t\t\t<img fetchpriority=\"high\" decoding=\"async\" width=\"1024\" height=\"683\" src=\"https:\/\/motelcoconut.gmtpdigital.ca\/wp-content\/uploads\/sites\/389\/2022\/10\/room-2559790_1920-1024x683-1.jpeg\" class=\"attachment-large size-large wp-image-2611\" alt=\"\" srcset=\"https:\/\/motelcoconut.gmtpdigital.ca\/wp-content\/uploads\/sites\/389\/2022\/10\/room-2559790_1920-1024x683-1.jpeg 1024w, https:\/\/motelcoconut.gmtpdigital.ca\/wp-content\/uploads\/sites\/389\/2022\/10\/room-2559790_1920-1024x683-1-300x200.jpeg 300w, https:\/\/motelcoconut.gmtpdigital.ca\/wp-content\/uploads\/sites\/389\/2022\/10\/room-2559790_1920-1024x683-1-768x512.jpeg 768w\" sizes=\"(max-width: 1024px) 100vw, 1024px\" \/>\t\t\t\t\t\t\t\t\t\t\t\t\t\t\t<\/div>\n\t\t\t\t<\/div>\n\t\t\t\t\t<\/div>\n\t\t<\/div>\n\t\t\t\t\t<\/div>\n\t\t<\/section>\n\t\t\t\t<section class=\"elementor-section elementor-top-section elementor-element elementor-element-d277890 elementor-section-boxed elementor-section-height-default elementor-section-height-default\" data-id=\"d277890\" data-element_type=\"section\" data-e-type=\"section\">\n\t\t\t\t\t\t<div class=\"elementor-container elementor-column-gap-default\">\n\t\t\t\t\t<div class=\"elementor-column elementor-col-100 elementor-top-column elementor-element elementor-element-e5ff877\" data-id=\"e5ff877\" data-element_type=\"column\" data-e-type=\"column\">\n\t\t\t<div class=\"elementor-widget-wrap elementor-element-populated\">\n\t\t\t\t\t\t<div class=\"elementor-element elementor-element-9a4122b elementor-widget elementor-widget-text-editor\" data-id=\"9a4122b\" data-element_type=\"widget\" data-e-type=\"widget\" data-widget_type=\"text-editor.default\">\n\t\t\t\t<div class=\"elementor-widget-container\">\n\t\t\t\t\t\t\t\t\t<p class=\"p1\">\u00a0 2<span class=\"Apple-converted-space\">\u00a0 <\/span>NOUS TV<br \/>\u00a0 3<span class=\"Apple-converted-space\">\u00a0 <\/span>IRCHD<br \/>\u00a0 4<span class=\"Apple-converted-space\">\u00a0 <\/span>TVA<br \/>\u00a0 5<span class=\"Apple-converted-space\">\u00a0 <\/span>V T\u00c9L\u00c9 \/ NOOVO<br \/>\u00a0 6<span class=\"Apple-converted-space\">\u00a0 <\/span>T\u00c9L\u00c9-QU\u00c9BEC<br \/>\u00a0 7<span class=\"Apple-converted-space\">\u00a0 <\/span>M\u00c9T\u00c9OM\u00c9DIA<br \/>\u00a0 8<span class=\"Apple-converted-space\">\u00a0 <\/span>CPAC<br \/>\u00a0 9<span class=\"Apple-converted-space\">\u00a0 <\/span>SAVOIR<br \/>10<span class=\"Apple-converted-space\">\u00a0 <\/span>ASSEMBL\u00c9E NATIONALE<br \/>11<span class=\"Apple-converted-space\">\u00a0 <\/span>APTN<br \/>12<span class=\"Apple-converted-space\">\u00a0 <\/span>AMI TV<br \/>13<span class=\"Apple-converted-space\">\u00a0 <\/span>AMI T\u00c9L\u00c9<br \/>14<span class=\"Apple-converted-space\">\u00a0 <\/span>TV5<br \/>15<span class=\"Apple-converted-space\">\u00a0 <\/span>UNIS TV<br \/>17<span class=\"Apple-converted-space\">\u00a0 <\/span>CBC<br \/>18<span class=\"Apple-converted-space\">\u00a0 <\/span>CTV<br \/>19<span class=\"Apple-converted-space\">\u00a0 <\/span>GLOBAL<br \/>21<span class=\"Apple-converted-space\">\u00a0 <\/span>CBC NEWS<br \/>22<span class=\"Apple-converted-space\">\u00a0 <\/span>ABC<br \/>23<span class=\"Apple-converted-space\">\u00a0 <\/span>CBS<br \/>24<span class=\"Apple-converted-space\">\u00a0 <\/span>FOX<br \/>25<span class=\"Apple-converted-space\">\u00a0 <\/span>NBC<br \/>26<span class=\"Apple-converted-space\">\u00a0 <\/span>PBS<br \/>54<span class=\"Apple-converted-space\">\u00a0 <\/span>CANAL M<br \/>27<span class=\"Apple-converted-space\">\u00a0 <\/span>\u00c9VASION<br \/>29<span class=\"Apple-converted-space\">\u00a0 <\/span>RDI<br \/>30<span class=\"Apple-converted-space\">\u00a0 <\/span>CASA<br \/>31<span class=\"Apple-converted-space\">\u00a0 <\/span>ARTV<br \/>33<span class=\"Apple-converted-space\">\u00a0 <\/span>ICI-EXPLORA<br \/>34<span class=\"Apple-converted-space\">\u00a0 <\/span>LCN<br \/>35<span class=\"Apple-converted-space\">\u00a0 <\/span>CNN<br \/>36<span class=\"Apple-converted-space\">\u00a0 <\/span>DISCOVERY<br \/>37<span class=\"Apple-converted-space\">\u00a0 <\/span>HGTV<br \/>38<span class=\"Apple-converted-space\">\u00a0 <\/span>MUCH<br \/>39<span class=\"Apple-converted-space\">\u00a0 <\/span>SHOW CASE<br \/>40<span class=\"Apple-converted-space\">\u00a0 <\/span>SLICE<br \/>41<span class=\"Apple-converted-space\">\u00a0 <\/span>TELETOON ENG<br \/>42<span class=\"Apple-converted-space\">\u00a0 <\/span>WEATHER NETWORK<br \/>43<span class=\"Apple-converted-space\">\u00a0 <\/span>YOOPA<br \/>44<span class=\"Apple-converted-space\">\u00a0 <\/span>TELETOON FR<br \/>45<span class=\"Apple-converted-space\">\u00a0 <\/span>RDS-1<br \/>46<span class=\"Apple-converted-space\">\u00a0 <\/span>RDS-2<br \/>47<span class=\"Apple-converted-space\">\u00a0 <\/span>RDS INFO<br \/>48<span class=\"Apple-converted-space\">\u00a0 <\/span>TSN 2<br \/>49<span class=\"Apple-converted-space\">\u00a0 <\/span>TVA SPORTS 1<br \/>50<span class=\"Apple-converted-space\">\u00a0 <\/span>TVA SPORTS 2<br \/>51<span class=\"Apple-converted-space\">\u00a0 <\/span>GOLF CHANEL<br \/>52 VRAK TV<br \/>53<span class=\"Apple-converted-space\">\u00a0 <\/span>CANAL VIE<br \/>95<span class=\"Apple-converted-space\">\u00a0 <\/span>S\u00c9RIE PLUS<br \/>96<span class=\"Apple-converted-space\">\u00a0 <\/span>Z T\u00c9L\u00c9<br \/>97<span class=\"Apple-converted-space\">\u00a0 <\/span>CANAL D<br \/>98<span class=\"Apple-converted-space\">\u00a0 <\/span>ADDIK TV<br \/>99<span class=\"Apple-converted-space\">\u00a0 <\/span>MAX<\/p>\t\t\t\t\t\t\t\t<\/div>\n\t\t\t\t<\/div>\n\t\t\t\t\t<\/div>\n\t\t<\/div>\n\t\t\t\t\t<\/div>\n\t\t<\/section>\n\t\t\t\t<\/div>\n\t\t","protected":false},"excerpt":{"rendered":"<p>\/*! elementor &#8211; v3.21.0 &#8211; 18-04-2024 *\/ .elementor-widget-image{text-align:center}.elementor-widget-image a{display:inline-block}.elementor-widget-image a img[src$=\u00a0\u00bb.svg\u00a0\u00bb]{width:48px}.elementor-widget-image img{vertical-align:middle;display:inline-block} \u00a0 2\u00a0 NOUS TV\u00a0 3\u00a0 IRCHD\u00a0 4\u00a0 TVA\u00a0 5\u00a0 V T\u00c9L\u00c9 \/ NOOVO\u00a0 6\u00a0 T\u00c9L\u00c9-QU\u00c9BEC\u00a0 7\u00a0 M\u00c9T\u00c9OM\u00c9DIA\u00a0 8\u00a0 CPAC\u00a0 9\u00a0 SAVOIR10\u00a0 ASSEMBL\u00c9E NATIONALE11\u00a0 APTN12\u00a0 AMI TV13\u00a0 AMI T\u00c9L\u00c914\u00a0 TV515\u00a0 UNIS TV17\u00a0 CBC18\u00a0 CTV19\u00a0 GLOBAL21\u00a0 CBC NEWS22\u00a0 ABC23\u00a0 CBS24\u00a0 FOX25\u00a0 NBC26\u00a0 PBS54\u00a0 CANAL M27\u00a0 [&hellip;]<\/p>\n","protected":false},"author":22,"featured_media":0,"parent":0,"menu_order":0,"comment_status":"closed","ping_status":"closed","template":"","meta":{"_mi_skip_tracking":false,"site-sidebar-layout":"no-sidebar","site-content-layout":"page-builder","ast-site-content-layout":"default","site-content-style":"default","site-sidebar-style":"default","ast-global-header-display":"","ast-banner-title-visibility":"","ast-main-header-display":"","ast-hfb-above-header-display":"","ast-hfb-below-header-display":"","ast-hfb-mobile-header-display":"","site-post-title":"disabled","ast-breadcrumbs-content":"","ast-featured-img":"disabled","footer-sml-layout":"","ast-disable-related-posts":"","theme-transparent-header-meta":"default","adv-header-id-meta":"","stick-header-meta":"","header-above-stick-meta":"","header-main-stick-meta":"","header-below-stick-meta":"","astra-migrate-meta-layouts":"default","ast-page-background-enabled":"default","ast-page-background-meta":{"desktop":{"background-color":"var(--ast-global-color-4)","background-image":"","background-repeat":"repeat","background-position":"center center","background-size":"auto","background-attachment":"scroll","background-type":"","background-media":"","overlay-type":"","overlay-color":"","overlay-opacity":"","overlay-gradient":""},"tablet":{"background-color":"","background-image":"","background-repeat":"repeat","background-position":"center center","background-size":"auto","background-attachment":"scroll","background-type":"","background-media":"","overlay-type":"","overlay-color":"","overlay-opacity":"","overlay-gradient":""},"mobile":{"background-color":"","background-image":"","background-repeat":"repeat","background-position":"center center","background-size":"auto","background-attachment":"scroll","background-type":"","background-media":"","overlay-type":"","overlay-color":"","overlay-opacity":"","overlay-gradient":""}},"ast-content-background-meta":{"desktop":{"background-color":"var(--ast-global-color-5)","background-image":"","background-repeat":"repeat","background-position":"center center","background-size":"auto","background-attachment":"scroll","background-type":"","background-media":"","overlay-type":"","overlay-color":"","overlay-opacity":"","overlay-gradient":""},"tablet":{"background-color":"var(--ast-global-color-5)","background-image":"","background-repeat":"repeat","background-position":"center center","background-size":"auto","background-attachment":"scroll","background-type":"","background-media":"","overlay-type":"","overlay-color":"","overlay-opacity":"","overlay-gradient":""},"mobile":{"background-color":"var(--ast-global-color-5)","background-image":"","background-repeat":"repeat","background-position":"center center","background-size":"auto","background-attachment":"scroll","background-type":"","background-media":"","overlay-type":"","overlay-color":"","overlay-opacity":"","overlay-gradient":""}},"footnotes":""},"class_list":["post-2619","page","type-page","status-publish","hentry"],"_links":{"self":[{"href":"https:\/\/motelcoconut.gmtpdigital.ca\/fr\/wp-json\/wp\/v2\/pages\/2619","targetHints":{"allow":["GET"]}}],"collection":[{"href":"https:\/\/motelcoconut.gmtpdigital.ca\/fr\/wp-json\/wp\/v2\/pages"}],"about":[{"href":"https:\/\/motelcoconut.gmtpdigital.ca\/fr\/wp-json\/wp\/v2\/types\/page"}],"author":[{"embeddable":true,"href":"https:\/\/motelcoconut.gmtpdigital.ca\/fr\/wp-json\/wp\/v2\/users\/22"}],"replies":[{"embeddable":true,"href":"https:\/\/motelcoconut.gmtpdigital.ca\/fr\/wp-json\/wp\/v2\/comments?post=2619"}],"version-history":[{"count":8,"href":"https:\/\/motelcoconut.gmtpdigital.ca\/fr\/wp-json\/wp\/v2\/pages\/2619\/revisions"}],"predecessor-version":[{"id":4202,"href":"https:\/\/motelcoconut.gmtpdigital.ca\/fr\/wp-json\/wp\/v2\/pages\/2619\/revisions\/4202"}],"wp:attachment":[{"href":"https:\/\/motelcoconut.gmtpdigital.ca\/fr\/wp-json\/wp\/v2\/media?parent=2619"}],"curies":[{"name":"wp","href":"https:\/\/api.w.org\/{rel}","templated":true}]}}