{"id":2571,"date":"2022-10-08T17:35:44","date_gmt":"2022-10-08T17:35:44","guid":{"rendered":"https:\/\/motelcoconut.gmtpdigital.ca\/?page_id=2571"},"modified":"2025-04-28T12:49:44","modified_gmt":"2025-04-28T12:49:44","slug":"services-hotel","status":"publish","type":"page","link":"https:\/\/motelcoconut.gmtpdigital.ca\/fr\/services-hotel\/","title":{"rendered":"Services de l\u2019h\u00f4tel"},"content":{"rendered":"\t\t<div data-elementor-type=\"wp-page\" data-elementor-id=\"2571\" class=\"elementor elementor-2571 elementor-2560\">\n\t\t\t\t\t\t<section class=\"elementor-section elementor-top-section elementor-element elementor-element-35882ef elementor-section-full_width elementor-section-height-default elementor-section-height-default\" data-id=\"35882ef\" data-element_type=\"section\" data-e-type=\"section\">\n\t\t\t\t\t\t<div class=\"elementor-container elementor-column-gap-default\">\n\t\t\t\t\t<div class=\"elementor-column elementor-col-100 elementor-top-column elementor-element elementor-element-6212f7a\" data-id=\"6212f7a\" data-element_type=\"column\" data-e-type=\"column\">\n\t\t\t<div class=\"elementor-widget-wrap elementor-element-populated\">\n\t\t\t\t\t\t<div class=\"elementor-element elementor-element-f7933f6 elementor-widget elementor-widget-image\" data-id=\"f7933f6\" data-element_type=\"widget\" data-e-type=\"widget\" data-widget_type=\"image.default\">\n\t\t\t\t<div class=\"elementor-widget-container\">\n\t\t\t\t\t\t\t\t\t\t\t\t\t\t\t<img fetchpriority=\"high\" decoding=\"async\" width=\"640\" height=\"340\" src=\"https:\/\/motelcoconut.gmtpdigital.ca\/wp-content\/uploads\/sites\/389\/2021\/04\/578981130.jpg\" class=\"attachment-large size-large wp-image-4101\" alt=\"\" srcset=\"https:\/\/motelcoconut.gmtpdigital.ca\/wp-content\/uploads\/sites\/389\/2021\/04\/578981130.jpg 640w, https:\/\/motelcoconut.gmtpdigital.ca\/wp-content\/uploads\/sites\/389\/2021\/04\/578981130-300x159.jpg 300w\" sizes=\"(max-width: 640px) 100vw, 640px\" \/>\t\t\t\t\t\t\t\t\t\t\t\t\t\t\t<\/div>\n\t\t\t\t<\/div>\n\t\t\t\t\t<\/div>\n\t\t<\/div>\n\t\t\t\t\t<\/div>\n\t\t<\/section>\n\t\t\t\t<section class=\"elementor-section elementor-top-section elementor-element elementor-element-2647a0f elementor-section-boxed elementor-section-height-default elementor-section-height-default\" data-id=\"2647a0f\" data-element_type=\"section\" data-e-type=\"section\">\n\t\t\t\t\t\t<div class=\"elementor-container elementor-column-gap-default\">\n\t\t\t\t\t<div class=\"elementor-column elementor-col-100 elementor-top-column elementor-element elementor-element-83482a8\" data-id=\"83482a8\" data-element_type=\"column\" data-e-type=\"column\">\n\t\t\t<div class=\"elementor-widget-wrap elementor-element-populated\">\n\t\t\t\t\t\t<div class=\"elementor-element elementor-element-027e082 elementor-widget elementor-widget-text-editor\" data-id=\"027e082\" data-element_type=\"widget\" data-e-type=\"widget\" data-widget_type=\"text-editor.default\">\n\t\t\t\t<div class=\"elementor-widget-container\">\n\t\t\t\t\t\t\t\t\t<p class=\"p2\">Le Coconut vous souhaite la bienvenue et vous offre un environnement sain, confortable et abordable. Nous esp\u00e9rons que ce r\u00e9pertoire vous aidera \u00e0 localiser les nombreux services de l\u2019h\u00f4tel et autour de l\u2019h\u00f4tel. Si vous d\u00e9sirez plus d\u2019information, n\u2019h\u00e9sitez pas \u00e0 vous adresser \u00e0 la r\u00e9ception.<\/p><p class=\"p2\">Nous sommes fiers de nos installations et du professionnalisme de notre personnel. Le service ininterrompu et courtois qu\u2019ils vous offriront vous aidera \u00e0 vous d\u00e9tendre compl\u00e8tement durant votre s\u00e9jour parmi nous.<\/p><p class=\"p2\">Merci d\u2019avoir choisi notre \u00e9tablissement! Nous esp\u00e9rons vous accueillir de nouveau lors de votre prochaine visite \u00e0 Trois-Rivi\u00e8res.<\/p><p class=\"p2\">Le personnel et la direction du Hotel-Motel Coconut<\/p><div><p class=\"yiv8654479604MsoNormal\">La r\u00e9ception de l&rsquo;Hotel-Motel Coconut est ouvert:<br \/><span style=\"font-size: 16px\">du dimanche au jeudi de 8h \u00e0 minuit; <br \/>et <\/span><span style=\"font-size: 16px\">du vendredi au samedi de 8h \u00e0 1h du matin.<\/span><\/p><\/div><div><p class=\"yiv8654479604MsoNormal\"><span style=\"font-size: 16px\"><strong>Pour toute question:<\/strong> <br \/>faite le 0 pour la r\u00e9ception<\/span><\/p><\/div><div><p class=\"yiv8654479604MsoNormal\">Num\u00e9ro d&rsquo;urgence lorsque la r\u00e9ception est ferm\u00e9e: 819-377-3221<\/p><\/div><p class=\"p1\"><strong>Chambres<br \/><\/strong>\u2022 Th\u00e9 et caf\u00e9 gratuit<br \/>\u2022 Micro-ondes et un r\u00e9frig\u00e9rateur\u00a0<br \/>\u2022 Appels locaux gratuits<br \/>\u2022 Fer et planche \u00e0 repasser<br \/>\u2022 A\/C &amp; chaleur individual<br \/>\u2022 C\u00e2ble et satellite<br \/>\u2022 Lits confortables<\/p><p class=\"p1\"><strong>Services<br \/><\/strong>\u2022 Wi-Fi gratuit<br \/>\u2022 Parking gratuit<\/p><p class=\"p1\"><strong>Heure de Lib\u00e9ration de la Chambre 11<\/strong><span class=\"s1\">h00 <\/span><\/p><p class=\"p2\"><span class=\"s2\"><b>H<\/b><\/span><b>eure d<\/b><span class=\"s2\"><b>\u2019<\/b><\/span><span class=\"s3\">E<\/span><b>nregistrement <\/b>16<span class=\"s1\">h00 <\/span><\/p><p class=\"p2\"><span class=\"s4\">R<\/span><b>\u00e9ception<\/b><span class=\"s2\"><b>\/<\/b><\/span><span class=\"s3\">T<\/span><b>\u00e9l\u00e9p<\/b><span class=\"s5\">h<\/span><b>oniste de l<\/b><span class=\"s2\"><b>\u2019H<\/b><\/span><b>\u00f4tel\u00a0 <\/b><span class=\"s1\">Composer le 0.\u00a0<br \/><\/span>\u00a0 \u00a0Le Directeur G\u00e9n\u00e9ral et les Ventes<\/p><p class=\"p4\"><strong><span class=\"s6\">Administration <\/span><\/strong>Composer le 0<\/p><p class=\"p4\"><span class=\"s7\"><b>Objets Trouv\u00e9 <\/b><\/span>Composer le 0<\/p><p class=\"p4\"><span class=\"s7\"><b>Entretien M\u00e9nager <\/b><\/span>Composer le 0<\/p><p class=\"p2\"><b>Service de Traiteur <br \/><\/b>Si vous planifiez une conf\u00e9rence, contacter notre bureau de l\u2019administration.<\/p><p class=\"p1\"><strong>Lit Pour B\u00e9b\u00e9s, Fer et Planche \u00e0 Repasser ou S\u00e9choir \u00e0 Cheveux<\/strong> Composer le 0<\/p><p class=\"p1\"><strong>Appels Locaux<\/strong> (gratuits) Composer 9 + code r\u00e9gional + num\u00e9ro<\/p><p class=\"p1\"><strong>Appels Interurbains Direct<\/strong> Composer 9 + 1 + code r\u00e9gional + num\u00e9ro<\/p><p class=\"p1\"><strong>Appels Interurbains<\/strong> Composer\u00a0 9 + 1 + code r\u00e9gional + num\u00e9ro<br \/>Carte de cr\u00e9dit, assistance de l\u2019op\u00e9rateur, ou collecter<\/p><p class=\"p4\"><span class=\"s6\"><strong>De Chambre \u00e0 Chambre<\/strong> <\/span>Composer le 2 + num\u00e9ro de la chambre<\/p><p class=\"p1\"><strong>Clients Avec Besoins Particuliers<br \/><\/strong>En cas d\u2019urgence, votre s\u00e9curit\u00e9 est notre premi\u00e8re pr\u00e9occupation. Informez la r\u00e9ception lors de l\u2019enregistrement s\u2019il y a un client \u00e0 mobilit\u00e9 r\u00e9duite dans la chambre. Nous appr\u00e9cions votre aide en ce domaine.<\/p><p class=\"p1\"><strong>Courrier<br \/><\/strong>Le courrier sortant, laissez s\u2019il vous pla\u00eet \u00e0 la r\u00e9ception quotidienne.<br \/>Le courrier entrant aura lieu \u00e0 la r\u00e9ception pour le ramassage.<\/p><p class=\"p2\"><strong>Prolongation du S\u00e9jour<br \/><\/strong>Si vous d\u00e9sirez prolonger votre s\u00e9jour parmi nous, veuillez avertir la r\u00e9ception avant 9h00 et nous r\u00e9pondrons \u00e0 votre demande, selon les disponibilit\u00e9s.<\/p><p class=\"p3\">Des Lits Pour Enfants Sont Disponibles Sur Demande<\/p><p class=\"p1\"><strong>Vous avez oubli\u00e9 d\u2019apporter quelque chose?<br \/><\/strong>Du calme, il se peut bien que nous ayons ce qu\u2019il vous faut!<br \/>Nous souhaitons rendre votre s\u00e9jour avec nous aussi confortable que possible. Si vous avez oubli\u00e9 tout article de toilette tel qu\u2019une brosse \u00e0 dents, un dentifrice, un d\u00e9odorant, un rasoir, une cr\u00e8me \u00e0 raser, un kit de couture, du shampooing, du r\u00e9vitalisant, de la cr\u00e8me pour le corps, bonnet de douche, etc., s\u2019il vous pla\u00eet contacter le service clients et nous serons heureux de vous en fournir un.<\/p>\t\t\t\t\t\t\t\t<\/div>\n\t\t\t\t<\/div>\n\t\t\t\t\t<\/div>\n\t\t<\/div>\n\t\t\t\t\t<\/div>\n\t\t<\/section>\n\t\t\t\t<\/div>\n\t\t","protected":false},"excerpt":{"rendered":"<p>Le Coconut vous souhaite la bienvenue et vous offre un environnement sain, confortable et abordable. Nous esp\u00e9rons que ce r\u00e9pertoire vous aidera \u00e0 localiser les nombreux services de l\u2019h\u00f4tel et autour de l\u2019h\u00f4tel. Si vous d\u00e9sirez plus d\u2019information, n\u2019h\u00e9sitez pas \u00e0 vous adresser \u00e0 la r\u00e9ception. Nous sommes fiers de nos installations et du professionnalisme [&hellip;]<\/p>\n","protected":false},"author":22,"featured_media":0,"parent":0,"menu_order":0,"comment_status":"closed","ping_status":"closed","template":"","meta":{"_mi_skip_tracking":false,"site-sidebar-layout":"no-sidebar","site-content-layout":"page-builder","ast-site-content-layout":"default","site-content-style":"default","site-sidebar-style":"default","ast-global-header-display":"","ast-banner-title-visibility":"","ast-main-header-display":"","ast-hfb-above-header-display":"","ast-hfb-below-header-display":"","ast-hfb-mobile-header-display":"","site-post-title":"disabled","ast-breadcrumbs-content":"","ast-featured-img":"disabled","footer-sml-layout":"","ast-disable-related-posts":"","theme-transparent-header-meta":"default","adv-header-id-meta":"","stick-header-meta":"","header-above-stick-meta":"","header-main-stick-meta":"","header-below-stick-meta":"","astra-migrate-meta-layouts":"default","ast-page-background-enabled":"default","ast-page-background-meta":{"desktop":{"background-color":"var(--ast-global-color-4)","background-image":"","background-repeat":"repeat","background-position":"center center","background-size":"auto","background-attachment":"scroll","background-type":"","background-media":"","overlay-type":"","overlay-color":"","overlay-opacity":"","overlay-gradient":""},"tablet":{"background-color":"","background-image":"","background-repeat":"repeat","background-position":"center center","background-size":"auto","background-attachment":"scroll","background-type":"","background-media":"","overlay-type":"","overlay-color":"","overlay-opacity":"","overlay-gradient":""},"mobile":{"background-color":"","background-image":"","background-repeat":"repeat","background-position":"center center","background-size":"auto","background-attachment":"scroll","background-type":"","background-media":"","overlay-type":"","overlay-color":"","overlay-opacity":"","overlay-gradient":""}},"ast-content-background-meta":{"desktop":{"background-color":"var(--ast-global-color-5)","background-image":"","background-repeat":"repeat","background-position":"center center","background-size":"auto","background-attachment":"scroll","background-type":"","background-media":"","overlay-type":"","overlay-color":"","overlay-opacity":"","overlay-gradient":""},"tablet":{"background-color":"var(--ast-global-color-5)","background-image":"","background-repeat":"repeat","background-position":"center center","background-size":"auto","background-attachment":"scroll","background-type":"","background-media":"","overlay-type":"","overlay-color":"","overlay-opacity":"","overlay-gradient":""},"mobile":{"background-color":"var(--ast-global-color-5)","background-image":"","background-repeat":"repeat","background-position":"center center","background-size":"auto","background-attachment":"scroll","background-type":"","background-media":"","overlay-type":"","overlay-color":"","overlay-opacity":"","overlay-gradient":""}},"footnotes":""},"class_list":["post-2571","page","type-page","status-publish","hentry"],"_links":{"self":[{"href":"https:\/\/motelcoconut.gmtpdigital.ca\/fr\/wp-json\/wp\/v2\/pages\/2571","targetHints":{"allow":["GET"]}}],"collection":[{"href":"https:\/\/motelcoconut.gmtpdigital.ca\/fr\/wp-json\/wp\/v2\/pages"}],"about":[{"href":"https:\/\/motelcoconut.gmtpdigital.ca\/fr\/wp-json\/wp\/v2\/types\/page"}],"author":[{"embeddable":true,"href":"https:\/\/motelcoconut.gmtpdigital.ca\/fr\/wp-json\/wp\/v2\/users\/22"}],"replies":[{"embeddable":true,"href":"https:\/\/motelcoconut.gmtpdigital.ca\/fr\/wp-json\/wp\/v2\/comments?post=2571"}],"version-history":[{"count":17,"href":"https:\/\/motelcoconut.gmtpdigital.ca\/fr\/wp-json\/wp\/v2\/pages\/2571\/revisions"}],"predecessor-version":[{"id":4298,"href":"https:\/\/motelcoconut.gmtpdigital.ca\/fr\/wp-json\/wp\/v2\/pages\/2571\/revisions\/4298"}],"wp:attachment":[{"href":"https:\/\/motelcoconut.gmtpdigital.ca\/fr\/wp-json\/wp\/v2\/media?parent=2571"}],"curies":[{"name":"wp","href":"https:\/\/api.w.org\/{rel}","templated":true}]}}