{"id":2537,"date":"2022-10-05T21:39:44","date_gmt":"2022-10-05T21:39:44","guid":{"rendered":"https:\/\/motelcoconut.gmtpdigital.ca\/?page_id=2537"},"modified":"2025-01-23T14:33:44","modified_gmt":"2025-01-23T14:33:44","slug":"numeros-importants","status":"publish","type":"page","link":"https:\/\/motelcoconut.gmtpdigital.ca\/fr\/numeros-importants\/","title":{"rendered":"Num\u00e9ros Importants"},"content":{"rendered":"\t\t<div data-elementor-type=\"wp-page\" data-elementor-id=\"2537\" class=\"elementor elementor-2537 elementor-2042\">\n\t\t\t\t\t\t<section class=\"elementor-section elementor-top-section elementor-element elementor-element-27af8ad elementor-section-boxed elementor-section-height-default elementor-section-height-default\" data-id=\"27af8ad\" data-element_type=\"section\" data-e-type=\"section\">\n\t\t\t\t\t\t<div class=\"elementor-container elementor-column-gap-default\">\n\t\t\t\t\t<div class=\"elementor-column elementor-col-100 elementor-top-column elementor-element elementor-element-5aabd81\" data-id=\"5aabd81\" data-element_type=\"column\" data-e-type=\"column\">\n\t\t\t<div class=\"elementor-widget-wrap elementor-element-populated\">\n\t\t\t\t\t\t<div class=\"elementor-element elementor-element-f7169e2 elementor-widget elementor-widget-text-editor\" data-id=\"f7169e2\" data-element_type=\"widget\" data-e-type=\"widget\" data-widget_type=\"text-editor.default\">\n\t\t\t\t<div class=\"elementor-widget-container\">\n\t\t\t\t\t\t\t\t\t<p class=\"p1\"><strong>Urgence<\/strong><br \/><span class=\"s1\">\u2022 Police urgence. <\/span><span class=\"s1\">\u00a0911 <br \/><\/span><span class=\"s1\">\u2022 Police r\u00e9gionale. (819) 691-2929<br \/><\/span>\u2022 Service des incendies. (819) 370-6700<br \/><span class=\"s1\">\u2022 Ambulance. (819) 376-1414<br \/><\/span><span style=\"font-size: 16px\">\u2022 Centre antipoison. 1-800-463-5060<\/span><\/p><p class=\"p1\"><strong>H\u00f4pitaux<\/strong><br \/>Centre hospitalier affili\u00e9 universitaire r\u00e9gional (CHAUR) (H\u00f4pital)<\/p><p class=\"p1\"><strong>Transport<br \/><\/strong>\u2022 R\u00e9seau de transport en commun\u00a0 (819) 373-4533<br \/><span class=\"s2\">\u2022 Terminus d\u2019autobus. (819) 374-2944<br \/>\u2022 Taxi\u00a0 (819) 378-5444<br \/><\/span><\/p>\t\t\t\t\t\t\t\t<\/div>\n\t\t\t\t<\/div>\n\t\t\t\t\t<\/div>\n\t\t<\/div>\n\t\t\t\t\t<\/div>\n\t\t<\/section>\n\t\t\t\t<\/div>\n\t\t","protected":false},"excerpt":{"rendered":"<p>Urgence\u2022 Police urgence. \u00a0911 \u2022 Police r\u00e9gionale. (819) 691-2929\u2022 Service des incendies. (819) 370-6700\u2022 Ambulance. (819) 376-1414\u2022 Centre antipoison. 1-800-463-5060 H\u00f4pitauxCentre hospitalier affili\u00e9 universitaire r\u00e9gional (CHAUR) (H\u00f4pital) Transport\u2022 R\u00e9seau de transport en commun\u00a0 (819) 373-4533\u2022 Terminus d\u2019autobus. (819) 374-2944\u2022 Taxi\u00a0 (819) 378-5444<\/p>\n","protected":false},"author":22,"featured_media":0,"parent":0,"menu_order":0,"comment_status":"closed","ping_status":"closed","template":"","meta":{"_mi_skip_tracking":false,"site-sidebar-layout":"no-sidebar","site-content-layout":"page-builder","ast-site-content-layout":"default","site-content-style":"default","site-sidebar-style":"default","ast-global-header-display":"","ast-banner-title-visibility":"","ast-main-header-display":"","ast-hfb-above-header-display":"","ast-hfb-below-header-display":"","ast-hfb-mobile-header-display":"","site-post-title":"disabled","ast-breadcrumbs-content":"","ast-featured-img":"disabled","footer-sml-layout":"","ast-disable-related-posts":"","theme-transparent-header-meta":"default","adv-header-id-meta":"","stick-header-meta":"","header-above-stick-meta":"","header-main-stick-meta":"","header-below-stick-meta":"","astra-migrate-meta-layouts":"default","ast-page-background-enabled":"default","ast-page-background-meta":{"desktop":{"background-color":"var(--ast-global-color-4)","background-image":"","background-repeat":"repeat","background-position":"center center","background-size":"auto","background-attachment":"scroll","background-type":"","background-media":"","overlay-type":"","overlay-color":"","overlay-opacity":"","overlay-gradient":""},"tablet":{"background-color":"","background-image":"","background-repeat":"repeat","background-position":"center center","background-size":"auto","background-attachment":"scroll","background-type":"","background-media":"","overlay-type":"","overlay-color":"","overlay-opacity":"","overlay-gradient":""},"mobile":{"background-color":"","background-image":"","background-repeat":"repeat","background-position":"center center","background-size":"auto","background-attachment":"scroll","background-type":"","background-media":"","overlay-type":"","overlay-color":"","overlay-opacity":"","overlay-gradient":""}},"ast-content-background-meta":{"desktop":{"background-color":"var(--ast-global-color-5)","background-image":"","background-repeat":"repeat","background-position":"center center","background-size":"auto","background-attachment":"scroll","background-type":"","background-media":"","overlay-type":"","overlay-color":"","overlay-opacity":"","overlay-gradient":""},"tablet":{"background-color":"var(--ast-global-color-5)","background-image":"","background-repeat":"repeat","background-position":"center center","background-size":"auto","background-attachment":"scroll","background-type":"","background-media":"","overlay-type":"","overlay-color":"","overlay-opacity":"","overlay-gradient":""},"mobile":{"background-color":"var(--ast-global-color-5)","background-image":"","background-repeat":"repeat","background-position":"center center","background-size":"auto","background-attachment":"scroll","background-type":"","background-media":"","overlay-type":"","overlay-color":"","overlay-opacity":"","overlay-gradient":""}},"footnotes":""},"class_list":["post-2537","page","type-page","status-publish","hentry"],"_links":{"self":[{"href":"https:\/\/motelcoconut.gmtpdigital.ca\/fr\/wp-json\/wp\/v2\/pages\/2537","targetHints":{"allow":["GET"]}}],"collection":[{"href":"https:\/\/motelcoconut.gmtpdigital.ca\/fr\/wp-json\/wp\/v2\/pages"}],"about":[{"href":"https:\/\/motelcoconut.gmtpdigital.ca\/fr\/wp-json\/wp\/v2\/types\/page"}],"author":[{"embeddable":true,"href":"https:\/\/motelcoconut.gmtpdigital.ca\/fr\/wp-json\/wp\/v2\/users\/22"}],"replies":[{"embeddable":true,"href":"https:\/\/motelcoconut.gmtpdigital.ca\/fr\/wp-json\/wp\/v2\/comments?post=2537"}],"version-history":[{"count":12,"href":"https:\/\/motelcoconut.gmtpdigital.ca\/fr\/wp-json\/wp\/v2\/pages\/2537\/revisions"}],"predecessor-version":[{"id":4212,"href":"https:\/\/motelcoconut.gmtpdigital.ca\/fr\/wp-json\/wp\/v2\/pages\/2537\/revisions\/4212"}],"wp:attachment":[{"href":"https:\/\/motelcoconut.gmtpdigital.ca\/fr\/wp-json\/wp\/v2\/media?parent=2537"}],"curies":[{"name":"wp","href":"https:\/\/api.w.org\/{rel}","templated":true}]}}